{"id":38,"date":"2026-03-19T16:35:45","date_gmt":"2026-03-19T16:35:45","guid":{"rendered":"https:\/\/www.tmivarity.fi\/?page_id=38"},"modified":"2026-03-20T17:01:39","modified_gmt":"2026-03-20T17:01:39","slug":"minusta","status":"publish","type":"page","link":"https:\/\/www.tmivarity.fi\/?page_id=38","title":{"rendered":"Minusta"},"content":{"rendered":"<nav class=\"is-responsive items-justified-right alignwide wp-block-navigation is-content-justification-right is-layout-flex wp-container-core-navigation-is-layout-d445cf74 wp-block-navigation-is-layout-flex\" aria-label=\"Navigaatio\" \n\t\t data-wp-interactive=\"core\/navigation\" data-wp-context='{\"overlayOpenedBy\":{\"click\":false,\"hover\":false,\"focus\":false},\"type\":\"overlay\",\"roleAttribute\":\"\",\"ariaLabel\":\"Valikko\"}'><button aria-haspopup=\"dialog\" aria-label=\"Avaa valikko\" class=\"wp-block-navigation__responsive-container-open\" \n\t\t\t\tdata-wp-on--click=\"actions.openMenuOnClick\"\n\t\t\t\tdata-wp-on--keydown=\"actions.handleMenuKeydown\"\n\t\t\t><svg width=\"24\" height=\"24\" xmlns=\"http:\/\/www.w3.org\/2000\/svg\" viewBox=\"0 0 24 24\" aria-hidden=\"true\" focusable=\"false\"><path d=\"M4 7.5h16v1.5H4z\"><\/path><path d=\"M4 15h16v1.5H4z\"><\/path><\/svg><\/button>\n\t\t\t\t<div class=\"wp-block-navigation__responsive-container\"  id=\"modal-1\" \n\t\t\t\tdata-wp-class--has-modal-open=\"state.isMenuOpen\"\n\t\t\t\tdata-wp-class--is-menu-open=\"state.isMenuOpen\"\n\t\t\t\tdata-wp-watch=\"callbacks.initMenu\"\n\t\t\t\tdata-wp-on--keydown=\"actions.handleMenuKeydown\"\n\t\t\t\tdata-wp-on--focusout=\"actions.handleMenuFocusout\"\n\t\t\t\ttabindex=\"-1\"\n\t\t\t>\n\t\t\t\t\t<div class=\"wp-block-navigation__responsive-close\" tabindex=\"-1\">\n\t\t\t\t\t\t<div class=\"wp-block-navigation__responsive-dialog\" \n\t\t\t\tdata-wp-bind--aria-modal=\"state.ariaModal\"\n\t\t\t\tdata-wp-bind--aria-label=\"state.ariaLabel\"\n\t\t\t\tdata-wp-bind--role=\"state.roleAttribute\"\n\t\t\t>\n\t\t\t\t\t\t\t<button aria-label=\"Sulje valikko\" class=\"wp-block-navigation__responsive-container-close\" \n\t\t\t\tdata-wp-on--click=\"actions.closeMenuOnClick\"\n\t\t\t><svg xmlns=\"http:\/\/www.w3.org\/2000\/svg\" viewBox=\"0 0 24 24\" width=\"24\" height=\"24\" aria-hidden=\"true\" focusable=\"false\"><path d=\"m13.06 12 6.47-6.47-1.06-1.06L12 10.94 5.53 4.47 4.47 5.53 10.94 12l-6.47 6.47 1.06 1.06L12 13.06l6.47 6.47 1.06-1.06L13.06 12Z\"><\/path><\/svg><\/button>\n\t\t\t\t\t\t\t<div class=\"wp-block-navigation__responsive-container-content\" \n\t\t\t\tdata-wp-watch=\"callbacks.focusFirstElement\"\n\t\t\t id=\"modal-1-content\">\n\t\t\t\t\t\t\t\t<ul class=\"wp-block-navigation__container is-responsive items-justified-right alignwide wp-block-navigation\"><li class=\" wp-block-navigation-item wp-block-navigation-link\"><a class=\"wp-block-navigation-item__content\"  href=\"http:\/\/www.tmivarity.fi\/\"><span class=\"wp-block-navigation-item__label\">Etusivu<\/span><\/a><\/li><li class=\" wp-block-navigation-item wp-block-navigation-link\"><a class=\"wp-block-navigation-item__content\"  href=\"https:\/\/www.tmivarity.fi\/?page_id=17\"><span class=\"wp-block-navigation-item__label\">Palvelut<\/span><\/a><\/li><li class=\" wp-block-navigation-item wp-block-navigation-link\"><a class=\"wp-block-navigation-item__content\"  href=\"https:\/\/www.tmivarity.fi\/?page_id=38\"><span class=\"wp-block-navigation-item__label\">Minusta<\/span><\/a><\/li><\/ul>\n\t\t\t\t\t\t\t<\/div>\n\t\t\t\t\t\t<\/div>\n\t\t\t\t\t<\/div>\n\t\t\t\t<\/div><\/nav>\n\n\n<div class=\"wp-block-group alignfull has-accent-1-background-color has-background has-global-padding is-layout-constrained wp-container-core-group-is-layout-0c9c989a wp-block-group-is-layout-constrained\" style=\"min-height:0vh;margin-top:0;margin-bottom:0;padding-top:var(--wp--preset--spacing--70);padding-right:var(--wp--preset--spacing--40);padding-bottom:var(--wp--preset--spacing--70);padding-left:var(--wp--preset--spacing--40)\">\n<div class=\"wp-block-group has-global-padding is-layout-constrained wp-container-core-group-is-layout-346627ba wp-block-group-is-layout-constrained\">\n<h2 class=\"wp-block-heading has-text-align-center has-xx-large-font-size\" style=\"margin-right:0;margin-left:0;padding-right:0;padding-left:0\">Kuka on Tmi V\u00e4rityn takana?<\/h2>\n\n\n\n<p class=\"has-text-align-center\">Jokainen on v\u00e4rittymisen arvoinen!<br>Tmi V\u00e4rity tarjoaa hyvinvointipalveluita ammattitaidolla.<\/p>\n\n\n\n<div class=\"wp-block-buttons is-content-justification-center is-layout-flex wp-container-core-buttons-is-layout-a89b3969 wp-block-buttons-is-layout-flex\">\n<div class=\"wp-block-button\"><a class=\"wp-block-button__link wp-element-button\">Minusta<\/a><\/div>\n\n\n\n<div class=\"wp-block-button\"><a class=\"wp-block-button__link wp-element-button\" href=\"#minustaotayhteytt\u00e4\">Ota yhteytt\u00e4<\/a><\/div>\n<\/div>\n<\/div>\n<\/div>\n\n\n\n<div class=\"wp-block-group alignfull is-style-section-1 has-global-padding is-layout-constrained wp-block-group-is-layout-constrained is-style-section-1--2\" style=\"margin-top:0;margin-bottom:0;padding-top:var(--wp--preset--spacing--80);padding-bottom:var(--wp--preset--spacing--80)\">\n<div class=\"wp-block-columns alignwide is-layout-flex wp-container-core-columns-is-layout-66fad18a wp-block-columns-is-layout-flex\">\n<div class=\"wp-block-column is-layout-flow wp-block-column-is-layout-flow\" style=\"padding-right:var(--wp--preset--spacing--50);flex-basis:45%\">\n<figure class=\"wp-block-image size-full\"><img decoding=\"async\" src=\"https:\/\/www.tmivarity.fi\/wp-content\/themes\/twentytwentyfive\/assets\/images\/red-hibiscus-closeup.webp\" alt=\"Photography close up of a red flower.\"\/><\/figure>\n<\/div>\n\n\n\n<div class=\"wp-block-column is-vertically-aligned-center is-layout-flow wp-block-column-is-layout-flow\" style=\"padding-right:0;padding-left:0;flex-basis:50%\">\n<div id=\"minustaminusta\" class=\"wp-block-group is-vertical is-layout-flex wp-container-core-group-is-layout-fe9cc265 wp-block-group-is-layout-flex\">\n<h2 class=\"wp-block-heading is-style-text-annotation is-style-text-annotation--3\">Minusta<\/h2>\n<\/div>\n\n\n\n<p class=\"is-style-text-subtitle is-style-text-subtitle--4\">Tmi V\u00e4rityn taustalla on..<\/p>\n\n\n\n<p>Tytti Ikonen, sairaanhoitaja (YAMK) ja taide- ja lyhytterapian opiskelija. Suuntaukseni terapiaty\u00f6ss\u00e4 on integratiivinen yhdist\u00e4en kognitiivista, ratkaisukeskeist\u00e4 ja psykofyysist\u00e4 l\u00e4hestymistapaa. Ty\u00f6kokemusta minulla on psykiatrisesta hoitoty\u00f6st\u00e4 yli 10 vuoden ajalta, joista suurin osa terapeuttista keskustelua sis\u00e4lt\u00e4v\u00e4\u00e4 poliklinikkaty\u00f6t\u00e4 erikoissairaanhoidossa.<\/p>\n\n\n\n<p>Kuvailisin itse\u00e4ni terapeuttina ja ohjaajana rohkaisevaksi ja avarakatseiseksi. En usko kenenk\u00e4\u00e4n osuvan tiettyyn muottiin ja siksi haluankin integratiivisella ty\u00f6otteella tarjota aina asiakkaan n\u00e4k\u00f6isi\u00e4 palveluita.<\/p>\n\n\n\n<p><strong>Koulutus:<\/strong><\/p>\n\n\n\n<ul class=\"wp-block-list\">\n<li class=\"has-small-font-size\">Sairaanhoitaja, terveydenhoitaja AMK<br><em>Kymenlaakson ammattikorkeakoulu 2015<\/em><\/li>\n\n\n\n<li class=\"has-small-font-size\">Skeematerapian perusteet<br><em>Mentores 2020<\/em><\/li>\n\n\n\n<li class=\"has-small-font-size\">Interpersonaalinen terapia (IPT)<br><em>Terapiat etulinjaan 2021<\/em><\/li>\n\n\n\n<li class=\"has-small-font-size\">Luovuusmatka taideterapeuttisin keinoin<br><em>P\u00e4ij\u00e4t-H\u00e4meen kes\u00e4yliopisto 2021<\/em><\/li>\n\n\n\n<li class=\"has-small-font-size\">Dialektinen k\u00e4ytt\u00e4ytymisterapia (DKT)<br><em>DKT yhdistys ry 2022<\/em><\/li>\n\n\n\n<li class=\"has-small-font-size\">IPC-menetelm\u00e4ohjaaja<br><em>Terapiat etulinjaan 2022<\/em><\/li>\n\n\n\n<li class=\"has-small-font-size\">Taideterapeuttinen viikonloppu<br><em>Helsingin seudun kes\u00e4yliopisto<\/em> <em>2022<\/em><\/li>\n\n\n\n<li class=\"has-small-font-size\">Sy\u00f6mish\u00e4iri\u00f6n perhepohjainen hoitomalli (FBT)<br><em>LivingSkills 2023<\/em><\/li>\n\n\n\n<li class=\"has-small-font-size\">Taideterapeuttiset menetelm\u00e4t ty\u00f6v\u00e4lineiksi<br><em>P\u00e4ij\u00e4t-H\u00e4meen kes\u00e4yliopisto 2024<\/em><\/li>\n\n\n\n<li class=\"has-small-font-size\">Sairaanhoitaja, mielenterveyshoitoty\u00f6, ylempi AMK<br><em>Kaakkois-Suomen ammattikorkeakoulu 2024<\/em><\/li>\n\n\n\n<li class=\"has-small-font-size\">Koira-avusteinen kasvatus- ja kuntoutusty\u00f6 (10op)<br><em>Jyv\u00e4skyl\u00e4n ammattikorkeakoulu<\/em> <em>2025<\/em><\/li>\n\n\n\n<li class=\"has-small-font-size\">Psykologian perusopinnot (30op)<br><em>It\u00e4-Suomen yliopisto 2026<\/em><\/li>\n\n\n\n<li class=\"has-small-font-size\">Integratiivinen taideterapia (60op)<br><em> Helsingin seudun kes\u00e4yliopisto  2025-2027<\/em><\/li>\n\n\n\n<li class=\"has-small-font-size\">\u00c4\u00e4nimaljarentoutusohjaaja <br><em>P\u00e4ij\u00e4t-H\u00e4meen kes\u00e4yliopisto 2026<\/em><\/li>\n<\/ul>\n\n\n\n<p class=\"has-text-align-center\"><em><mark style=\"background-color:#FFEE58\" class=\"has-inline-color has-contrast-color\">Huom! En tarjoa psykoterapiaa <\/mark><\/em><br><em><mark style=\"background-color:#FFEE58\" class=\"has-inline-color has-contrast-color\">eiv\u00e4tk\u00e4  Tmi V\u00e4rityn palvelut ole <\/mark><\/em><br><em><mark style=\"background-color:#FFEE58\" class=\"has-inline-color has-contrast-color\">Kelan tukemien palveluiden valikossa!<\/mark><\/em><\/p>\n<\/div>\n<\/div>\n<\/div>\n\n\n\n<aside class=\"wp-block-group alignfull is-style-section-3 has-global-padding is-layout-constrained wp-container-core-group-is-layout-f0f2a97b wp-block-group-is-layout-constrained is-style-section-3--5\" style=\"margin-top:0;margin-bottom:0;padding-top:var(--wp--preset--spacing--50);padding-right:var(--wp--preset--spacing--50);padding-bottom:var(--wp--preset--spacing--50);padding-left:var(--wp--preset--spacing--50)\">\n<div class=\"wp-block-group is-vertical is-content-justification-center is-layout-flex wp-container-core-group-is-layout-8778ca4a wp-block-group-is-layout-flex\" style=\"min-height:360px;margin-top:0;margin-bottom:0\">\n<h2 class=\"wp-block-heading has-text-align-center has-xx-large-font-size\" id=\"minustaotayhteytt\u00e4\">Ota yhteytt\u00e4<\/h2>\n\n\n\n<p class=\"has-text-align-center is-style-text-subtitle is-style-text-subtitle--6\">tytti(at)tmivarity.fi<\/p>\n\n\n\n<p>Instagram: tmi_varity<\/p>\n\n\n\n<p class=\"has-small-font-size\">Y-tunnus: 3602108-1<\/p>\n\n\n\n<div style=\"height:0px\" aria-hidden=\"true\" class=\"wp-block-spacer wp-container-content-62aae154\"><\/div>\n\n\n\n<div class=\"wp-block-buttons is-content-justification-center is-layout-flex wp-container-core-buttons-is-layout-a89b3969 wp-block-buttons-is-layout-flex\">\n<div class=\"wp-block-button\"><a class=\"wp-block-button__link has-text-align-center wp-element-button\" href=\"https:\/\/www.tmivarity.fi\/?page_id=17\">Tutustu palveluihin t\u00e4st\u00e4<\/a><\/div>\n<\/div>\n<\/div>\n<\/aside>\n\n\n\n<p><\/p>\n","protected":false},"excerpt":{"rendered":"<p>Kuka on Tmi V\u00e4rityn takana? Jokainen on v\u00e4rittymisen arvoinen!Tmi V\u00e4rity tarjoaa hyvinvointipalveluita ammattitaidolla. Minusta Tmi V\u00e4rityn taustalla on.. Tytti Ikonen, sairaanhoitaja (YAMK) ja taide- ja lyhytterapian opiskelija. Suuntaukseni terapiaty\u00f6ss\u00e4 on integratiivinen yhdist\u00e4en kognitiivista, ratkaisukeskeist\u00e4 ja psykofyysist\u00e4 l\u00e4hestymistapaa. Ty\u00f6kokemusta minulla on psykiatrisesta hoitoty\u00f6st\u00e4 yli 10 vuoden ajalta, joista suurin osa terapeuttista keskustelua sis\u00e4lt\u00e4v\u00e4\u00e4 poliklinikkaty\u00f6t\u00e4 erikoissairaanhoidossa. Kuvailisin [&hellip;]<\/p>\n","protected":false},"author":1,"featured_media":0,"parent":0,"menu_order":3,"comment_status":"closed","ping_status":"closed","template":"","meta":{"footnotes":""},"class_list":["post-38","page","type-page","status-publish","hentry"],"_links":{"self":[{"href":"https:\/\/www.tmivarity.fi\/index.php?rest_route=\/wp\/v2\/pages\/38","targetHints":{"allow":["GET"]}}],"collection":[{"href":"https:\/\/www.tmivarity.fi\/index.php?rest_route=\/wp\/v2\/pages"}],"about":[{"href":"https:\/\/www.tmivarity.fi\/index.php?rest_route=\/wp\/v2\/types\/page"}],"author":[{"embeddable":true,"href":"https:\/\/www.tmivarity.fi\/index.php?rest_route=\/wp\/v2\/users\/1"}],"replies":[{"embeddable":true,"href":"https:\/\/www.tmivarity.fi\/index.php?rest_route=%2Fwp%2Fv2%2Fcomments&post=38"}],"version-history":[{"count":7,"href":"https:\/\/www.tmivarity.fi\/index.php?rest_route=\/wp\/v2\/pages\/38\/revisions"}],"predecessor-version":[{"id":80,"href":"https:\/\/www.tmivarity.fi\/index.php?rest_route=\/wp\/v2\/pages\/38\/revisions\/80"}],"wp:attachment":[{"href":"https:\/\/www.tmivarity.fi\/index.php?rest_route=%2Fwp%2Fv2%2Fmedia&parent=38"}],"curies":[{"name":"wp","href":"https:\/\/api.w.org\/{rel}","templated":true}]}}